{"id":27,"date":"2022-06-16T16:53:39","date_gmt":"2022-06-16T16:53:39","guid":{"rendered":"https:\/?page_id=27"},"modified":"2022-09-26T12:58:55","modified_gmt":"2022-09-26T17:58:55","slug":"quienes-somos","status":"publish","type":"page","link":"https:\/\/cmbienesraices.com.co\/en\/quienes-somos\/","title":{"rendered":"Qui\u00e9nes Somos"},"content":{"rendered":"<div data-elementor-type=\"wp-page\" data-elementor-id=\"27\" class=\"elementor elementor-27\" data-elementor-post-type=\"page\">\n\t\t\t\t\t\t<section class=\"elementor-section elementor-top-section elementor-element elementor-element-e967001 elementor-section-full_width elementor-section-height-min-height imagen-paginas elementor-section-height-default elementor-section-items-middle\" data-id=\"e967001\" data-element_type=\"section\" data-settings=\"{&quot;background_background&quot;:&quot;classic&quot;}\">\n\t\t\t\t\t\t<div class=\"elementor-container elementor-column-gap-default\">\n\t\t\t\t\t<div class=\"elementor-column elementor-col-100 elementor-top-column elementor-element elementor-element-c4bee21\" data-id=\"c4bee21\" data-element_type=\"column\">\n\t\t\t<div class=\"elementor-widget-wrap elementor-element-populated\">\n\t\t\t\t\t\t<div class=\"elementor-element elementor-element-563832f elementor-widget elementor-widget-spacer\" data-id=\"563832f\" data-element_type=\"widget\" data-widget_type=\"spacer.default\">\n\t\t\t\t<div class=\"elementor-widget-container\">\n\t\t\t\t\t\t\t<div class=\"elementor-spacer\">\n\t\t\t<div class=\"elementor-spacer-inner\"><\/div>\n\t\t<\/div>\n\t\t\t\t\t\t<\/div>\n\t\t\t\t<\/div>\n\t\t\t\t\t<\/div>\n\t\t<\/div>\n\t\t\t\t\t<\/div>\n\t\t<\/section>\n\t\t\t\t<section class=\"elementor-section elementor-top-section elementor-element elementor-element-7411e93 elementor-section-boxed elementor-section-height-default elementor-section-height-default\" data-id=\"7411e93\" data-element_type=\"section\">\n\t\t\t\t\t\t<div class=\"elementor-container elementor-column-gap-default\">\n\t\t\t\t\t<div class=\"elementor-column elementor-col-100 elementor-top-column elementor-element elementor-element-598b68f\" data-id=\"598b68f\" data-element_type=\"column\">\n\t\t\t<div class=\"elementor-widget-wrap elementor-element-populated\">\n\t\t\t\t\t\t<div class=\"elementor-element elementor-element-9cb04fe elementor-widget elementor-widget-spacer\" data-id=\"9cb04fe\" data-element_type=\"widget\" data-widget_type=\"spacer.default\">\n\t\t\t\t<div class=\"elementor-widget-container\">\n\t\t\t\t\t\t\t<div class=\"elementor-spacer\">\n\t\t\t<div class=\"elementor-spacer-inner\"><\/div>\n\t\t<\/div>\n\t\t\t\t\t\t<\/div>\n\t\t\t\t<\/div>\n\t\t\t\t<div class=\"elementor-element elementor-element-8200873 elementor-widget elementor-widget-heading\" data-id=\"8200873\" data-element_type=\"widget\" data-widget_type=\"heading.default\">\n\t\t\t\t<div class=\"elementor-widget-container\">\n\t\t\t\t\t<h2 class=\"elementor-heading-title elementor-size-default\">CM BIENES RAICES<\/h2>\t\t\t\t<\/div>\n\t\t\t\t<\/div>\n\t\t\t\t<div class=\"elementor-element elementor-element-d8b6f17 elementor-widget elementor-widget-spacer\" data-id=\"d8b6f17\" data-element_type=\"widget\" data-widget_type=\"spacer.default\">\n\t\t\t\t<div class=\"elementor-widget-container\">\n\t\t\t\t\t\t\t<div class=\"elementor-spacer\">\n\t\t\t<div class=\"elementor-spacer-inner\"><\/div>\n\t\t<\/div>\n\t\t\t\t\t\t<\/div>\n\t\t\t\t<\/div>\n\t\t\t\t\t<\/div>\n\t\t<\/div>\n\t\t\t\t\t<\/div>\n\t\t<\/section>\n\t\t\t\t<section class=\"elementor-section elementor-top-section elementor-element elementor-element-f14b80c elementor-section-boxed elementor-section-height-default elementor-section-height-default\" data-id=\"f14b80c\" data-element_type=\"section\">\n\t\t\t\t\t\t<div class=\"elementor-container elementor-column-gap-default\">\n\t\t\t\t\t<div class=\"elementor-column elementor-col-100 elementor-top-column elementor-element elementor-element-63ecd1e\" data-id=\"63ecd1e\" data-element_type=\"column\">\n\t\t\t<div class=\"elementor-widget-wrap elementor-element-populated\">\n\t\t\t\t\t\t<div class=\"elementor-element elementor-element-4b987d9 elementor-widget elementor-widget-text-editor\" data-id=\"4b987d9\" data-element_type=\"widget\" data-widget_type=\"text-editor.default\">\n\t\t\t\t<div class=\"elementor-widget-container\">\n\t\t\t\t\t\t\t\t\t<p>CM BIENES RAICES S.A.S, somos una empresa del sector inmobiliario donde nos caracterizamos por prestar un servicio integral a nuestros clientes en las labores de administraci\u00f3n sus inmuebles, asesor\u00e1ndolos y brindando ayuda a la hora de arrendar o vender sus propiedades.<\/p>\t\t\t\t\t\t\t\t<\/div>\n\t\t\t\t<\/div>\n\t\t\t\t\t<\/div>\n\t\t<\/div>\n\t\t\t\t\t<\/div>\n\t\t<\/section>\n\t\t\t\t<section class=\"elementor-section elementor-top-section elementor-element elementor-element-c682b75 elementor-section-boxed elementor-section-height-default elementor-section-height-default\" data-id=\"c682b75\" data-element_type=\"section\">\n\t\t\t\t\t\t<div class=\"elementor-container elementor-column-gap-default\">\n\t\t\t\t\t<div class=\"elementor-column elementor-col-100 elementor-top-column elementor-element elementor-element-f2f2211\" data-id=\"f2f2211\" data-element_type=\"column\">\n\t\t\t<div class=\"elementor-widget-wrap elementor-element-populated\">\n\t\t\t\t\t\t<div class=\"elementor-element elementor-element-f11e88b elementor-widget elementor-widget-spacer\" data-id=\"f11e88b\" data-element_type=\"widget\" data-widget_type=\"spacer.default\">\n\t\t\t\t<div class=\"elementor-widget-container\">\n\t\t\t\t\t\t\t<div class=\"elementor-spacer\">\n\t\t\t<div class=\"elementor-spacer-inner\"><\/div>\n\t\t<\/div>\n\t\t\t\t\t\t<\/div>\n\t\t\t\t<\/div>\n\t\t\t\t\t<\/div>\n\t\t<\/div>\n\t\t\t\t\t<\/div>\n\t\t<\/section>\n\t\t\t\t<section class=\"elementor-section elementor-top-section elementor-element elementor-element-2632f41 elementor-section-boxed elementor-section-height-default elementor-section-height-default\" data-id=\"2632f41\" data-element_type=\"section\">\n\t\t\t\t\t\t<div class=\"elementor-container elementor-column-gap-default\">\n\t\t\t\t\t<div class=\"elementor-column elementor-col-50 elementor-top-column elementor-element elementor-element-e8587e7\" data-id=\"e8587e7\" data-element_type=\"column\">\n\t\t\t<div class=\"elementor-widget-wrap elementor-element-populated\">\n\t\t\t\t\t\t<div class=\"elementor-element elementor-element-fa92f61 elementor-widget elementor-widget-image\" data-id=\"fa92f61\" data-element_type=\"widget\" data-widget_type=\"image.default\">\n\t\t\t\t<div class=\"elementor-widget-container\">\n\t\t\t\t\t\t\t\t\t\t\t\t\t\t\t<img fetchpriority=\"high\" decoding=\"async\" width=\"2560\" height=\"1707\" src=\"https:\/\/cmbienesraices.com.co\/wp-content\/uploads\/2022\/08\/shutterstock_49281196-scaled.jpg\" class=\"attachment-full size-full wp-image-1027\" alt=\"\" srcset=\"https:\/\/cmbienesraices.com.co\/wp-content\/uploads\/2022\/08\/shutterstock_49281196-scaled.jpg 2560w, https:\/\/cmbienesraices.com.co\/wp-content\/uploads\/2022\/08\/shutterstock_49281196-300x200.jpg 300w, https:\/\/cmbienesraices.com.co\/wp-content\/uploads\/2022\/08\/shutterstock_49281196-1024x683.jpg 1024w, https:\/\/cmbienesraices.com.co\/wp-content\/uploads\/2022\/08\/shutterstock_49281196-768x512.jpg 768w, https:\/\/cmbienesraices.com.co\/wp-content\/uploads\/2022\/08\/shutterstock_49281196-1536x1024.jpg 1536w, https:\/\/cmbienesraices.com.co\/wp-content\/uploads\/2022\/08\/shutterstock_49281196-2048x1365.jpg 2048w, https:\/\/cmbienesraices.com.co\/wp-content\/uploads\/2022\/08\/shutterstock_49281196-18x12.jpg 18w\" sizes=\"(max-width: 2560px) 100vw, 2560px\" \/>\t\t\t\t\t\t\t\t\t\t\t\t\t\t\t<\/div>\n\t\t\t\t<\/div>\n\t\t\t\t<div class=\"elementor-element elementor-element-232c814 elementor-widget elementor-widget-heading\" data-id=\"232c814\" data-element_type=\"widget\" data-widget_type=\"heading.default\">\n\t\t\t\t<div class=\"elementor-widget-container\">\n\t\t\t\t\t<h2 class=\"elementor-heading-title elementor-size-default\">VISION<\/h2>\t\t\t\t<\/div>\n\t\t\t\t<\/div>\n\t\t\t\t<div class=\"elementor-element elementor-element-a0a0d7c elementor-widget elementor-widget-text-editor\" data-id=\"a0a0d7c\" data-element_type=\"widget\" data-widget_type=\"text-editor.default\">\n\t\t\t\t<div class=\"elementor-widget-container\">\n\t\t\t\t\t\t\t\t\t<p>Ser una empresa l\u00edder en el sector inmobiliario a nivel nacional, enfocados en satisfacer las expectativas din\u00e1micas de nuestros clientes generando en ellos confianza y compromiso con unas buenas practicas empresariales.<\/p>\t\t\t\t\t\t\t\t<\/div>\n\t\t\t\t<\/div>\n\t\t\t\t\t<\/div>\n\t\t<\/div>\n\t\t\t\t<div class=\"elementor-column elementor-col-50 elementor-top-column elementor-element elementor-element-89bb788\" data-id=\"89bb788\" data-element_type=\"column\">\n\t\t\t<div class=\"elementor-widget-wrap elementor-element-populated\">\n\t\t\t\t\t\t<div class=\"elementor-element elementor-element-573f2fd elementor-widget elementor-widget-image\" data-id=\"573f2fd\" data-element_type=\"widget\" data-widget_type=\"image.default\">\n\t\t\t\t<div class=\"elementor-widget-container\">\n\t\t\t\t\t\t\t\t\t\t\t\t\t\t\t<img decoding=\"async\" width=\"2560\" height=\"1707\" src=\"https:\/\/cmbienesraices.com.co\/wp-content\/uploads\/2022\/09\/shutterstock_92100098-scaled.jpg\" class=\"attachment-full size-full wp-image-1183\" alt=\"\" srcset=\"https:\/\/cmbienesraices.com.co\/wp-content\/uploads\/2022\/09\/shutterstock_92100098-scaled.jpg 2560w, https:\/\/cmbienesraices.com.co\/wp-content\/uploads\/2022\/09\/shutterstock_92100098-300x200.jpg 300w, https:\/\/cmbienesraices.com.co\/wp-content\/uploads\/2022\/09\/shutterstock_92100098-1024x683.jpg 1024w, https:\/\/cmbienesraices.com.co\/wp-content\/uploads\/2022\/09\/shutterstock_92100098-768x512.jpg 768w, https:\/\/cmbienesraices.com.co\/wp-content\/uploads\/2022\/09\/shutterstock_92100098-1536x1024.jpg 1536w, https:\/\/cmbienesraices.com.co\/wp-content\/uploads\/2022\/09\/shutterstock_92100098-2048x1365.jpg 2048w, https:\/\/cmbienesraices.com.co\/wp-content\/uploads\/2022\/09\/shutterstock_92100098-18x12.jpg 18w\" sizes=\"(max-width: 2560px) 100vw, 2560px\" \/>\t\t\t\t\t\t\t\t\t\t\t\t\t\t\t<\/div>\n\t\t\t\t<\/div>\n\t\t\t\t<div class=\"elementor-element elementor-element-a2d73e7 elementor-widget elementor-widget-heading\" data-id=\"a2d73e7\" data-element_type=\"widget\" data-widget_type=\"heading.default\">\n\t\t\t\t<div class=\"elementor-widget-container\">\n\t\t\t\t\t<h2 class=\"elementor-heading-title elementor-size-default\">MISION<\/h2>\t\t\t\t<\/div>\n\t\t\t\t<\/div>\n\t\t\t\t<div class=\"elementor-element elementor-element-3edb109 elementor-widget elementor-widget-text-editor\" data-id=\"3edb109\" data-element_type=\"widget\" data-widget_type=\"text-editor.default\">\n\t\t\t\t<div class=\"elementor-widget-container\">\n\t\t\t\t\t\t\t\t\t<p>Brindar a nuestros clientes un servicio de calidad en el sector inmobiliario, con una administraci\u00f3n enfocada en la transparencia, responsabilidad y compromiso con propuestas innovadoras y acompa\u00f1amiento permanente a nuestros clientes.<\/p>\t\t\t\t\t\t\t\t<\/div>\n\t\t\t\t<\/div>\n\t\t\t\t\t<\/div>\n\t\t<\/div>\n\t\t\t\t\t<\/div>\n\t\t<\/section>\n\t\t\t\t<section class=\"elementor-section elementor-top-section elementor-element elementor-element-3d42e9b elementor-section-boxed elementor-section-height-default elementor-section-height-default\" data-id=\"3d42e9b\" data-element_type=\"section\">\n\t\t\t\t\t\t<div class=\"elementor-container elementor-column-gap-default\">\n\t\t\t\t\t<div class=\"elementor-column elementor-col-100 elementor-top-column elementor-element elementor-element-ee5f312\" data-id=\"ee5f312\" data-element_type=\"column\">\n\t\t\t<div class=\"elementor-widget-wrap elementor-element-populated\">\n\t\t\t\t\t\t<div class=\"elementor-element elementor-element-d73972c elementor-widget elementor-widget-spacer\" data-id=\"d73972c\" data-element_type=\"widget\" data-widget_type=\"spacer.default\">\n\t\t\t\t<div class=\"elementor-widget-container\">\n\t\t\t\t\t\t\t<div class=\"elementor-spacer\">\n\t\t\t<div class=\"elementor-spacer-inner\"><\/div>\n\t\t<\/div>\n\t\t\t\t\t\t<\/div>\n\t\t\t\t<\/div>\n\t\t\t\t\t<\/div>\n\t\t<\/div>\n\t\t\t\t\t<\/div>\n\t\t<\/section>\n\t\t\t\t<\/div>","protected":false},"excerpt":{"rendered":"<p>CM BIENES RAICES CM BIENES RAICES S.A.S, somos una empresa del sector inmobiliario donde nos caracterizamos por prestar un servicio integral a nuestros clientes en las labores de administraci\u00f3n sus inmuebles, asesor\u00e1ndolos y brindando ayuda a la hora de arrendar o vender sus propiedades. VISION Ser una empresa l\u00edder en el sector inmobiliario a nivel [&hellip;]<\/p>","protected":false},"author":1,"featured_media":0,"parent":0,"menu_order":0,"comment_status":"closed","ping_status":"closed","template":"","meta":{"footnotes":""},"class_list":["post-27","page","type-page","status-publish","hentry"],"_links":{"self":[{"href":"https:\/\/cmbienesraices.com.co\/en\/wp-json\/wp\/v2\/pages\/27","targetHints":{"allow":["GET"]}}],"collection":[{"href":"https:\/\/cmbienesraices.com.co\/en\/wp-json\/wp\/v2\/pages"}],"about":[{"href":"https:\/\/cmbienesraices.com.co\/en\/wp-json\/wp\/v2\/types\/page"}],"author":[{"embeddable":true,"href":"https:\/\/cmbienesraices.com.co\/en\/wp-json\/wp\/v2\/users\/1"}],"replies":[{"embeddable":true,"href":"https:\/\/cmbienesraices.com.co\/en\/wp-json\/wp\/v2\/comments?post=27"}],"version-history":[{"count":51,"href":"https:\/\/cmbienesraices.com.co\/en\/wp-json\/wp\/v2\/pages\/27\/revisions"}],"predecessor-version":[{"id":1284,"href":"https:\/\/cmbienesraices.com.co\/en\/wp-json\/wp\/v2\/pages\/27\/revisions\/1284"}],"wp:attachment":[{"href":"https:\/\/cmbienesraices.com.co\/en\/wp-json\/wp\/v2\/media?parent=27"}],"curies":[{"name":"wp","href":"https:\/\/api.w.org\/{rel}","templated":true}]}}